{"id":2683,"date":"2025-05-16T07:16:35","date_gmt":"2025-05-16T05:16:35","guid":{"rendered":"https:\/\/fundacion.neuronadigital.es\/fernando-cabrera\/"},"modified":"2025-10-13T20:29:24","modified_gmt":"2025-10-13T18:29:24","slug":"fernando-cabrera","status":"publish","type":"page","link":"https:\/\/fundacion.neuronadigital.es\/val\/fernando-cabrera\/","title":{"rendered":"Fernando Cabrera"},"content":{"rendered":"<h2>Fernando Cabrera Cant\u00f3: una vida dedicada a l\u2019art, la cultura i la seua ciutat<\/h2>\n<h6>Biografia<\/h6>\n<p>\t\t\t\t\t\t\t\t\t\t\t\t\t\t\t<img loading=\"lazy\" decoding=\"async\" width=\"768\" height=\"1006\" src=\"https:\/\/fundacion.neuronadigital.es\/wp-content\/uploads\/2025\/07\/Autoretrato_fernando-cabrera-canto-biografia-768x1006.jpg\" alt=\"\" srcset=\"https:\/\/fundacion.neuronadigital.es\/wp-content\/uploads\/2025\/07\/Autoretrato_fernando-cabrera-canto-biografia-768x1006.jpg 768w, https:\/\/fundacion.neuronadigital.es\/wp-content\/uploads\/2025\/07\/Autoretrato_fernando-cabrera-canto-biografia-scaled-600x786.jpg 600w, https:\/\/fundacion.neuronadigital.es\/wp-content\/uploads\/2025\/07\/Autoretrato_fernando-cabrera-canto-biografia-229x300.jpg 229w, https:\/\/fundacion.neuronadigital.es\/wp-content\/uploads\/2025\/07\/Autoretrato_fernando-cabrera-canto-biografia-782x1024.jpg 782w, https:\/\/fundacion.neuronadigital.es\/wp-content\/uploads\/2025\/07\/Autoretrato_fernando-cabrera-canto-biografia-1173x1536.jpg 1173w, https:\/\/fundacion.neuronadigital.es\/wp-content\/uploads\/2025\/07\/Autoretrato_fernando-cabrera-canto-biografia-1563x2048.jpg 1563w, https:\/\/fundacion.neuronadigital.es\/wp-content\/uploads\/2025\/07\/Autoretrato_fernando-cabrera-canto-biografia-scaled.jpg 1954w\" sizes=\"auto, (max-width: 768px) 100vw, 768px\" \/>\t\t\t\t\t\t\t\t\t\t\t\t\t\t\t<\/p>\n<details id=\"e-n-accordion-item-2060\" open>\n<summary data-accordion-index=\"1\" tabindex=\"0\" aria-expanded=\"true\" aria-controls=\"e-n-accordion-item-2060\" >\n\t\t\t\t\t Formaci\u00f3, estil i evoluci\u00f3<br \/>\n\t\t\t<svg aria-hidden=\"true\" viewBox=\"0 0 448 512\" xmlns=\"http:\/\/www.w3.org\/2000\/svg\"><path d=\"M416 208H32c-17.67 0-32 14.33-32 32v32c0 17.67 14.33 32 32 32h384c17.67 0 32-14.33 32-32v-32c0-17.67-14.33-32-32-32z\"><\/path><\/svg><br \/>\n\t\t\t<svg aria-hidden=\"true\" viewBox=\"0 0 448 512\" xmlns=\"http:\/\/www.w3.org\/2000\/svg\"><path d=\"M416 208H272V64c0-17.67-14.33-32-32-32h-32c-17.67 0-32 14.33-32 32v144H32c-17.67 0-32 14.33-32 32v32c0 17.67 14.33 32 32 32h144v144c0 17.67 14.33 32 32 32h32c17.67 0 32-14.33 32-32V304h144c17.67 0 32-14.33 32-32v-32c0-17.67-14.33-32-32-32z\"><\/path><\/svg><br \/>\n\t\t\t\t\t\t<\/summary>\n<p>Nascut a Alcoi en 1866. Pintor, dibuixant i aquarel\u00b7lista, figura clau de l\u2019escola pict\u00f2rica alcoiana entre els segles XIX i XX. <\/p>\n<p>Format inicialment a l\u2019Escola de Sant Carles de Val\u00e8ncia, amb Lorenzo Casanova a Alcoi i a l\u2019Escola de San Fernando de Madrid amb Casto Plasencia, va ampliar els seus estudis a It\u00e0lia gr\u00e0cies a una beca de la Diputaci\u00f3 d\u2019Alacant concedida el 1891.<\/p>\n<p>La seua obra italiana, amb domini del \u201csfumato\u201d i influ\u00efda per Fortuny, combina en el seu retorn el realisme acad\u00e8mic amb una sensibilitat social pr\u00f2pia de l\u2019\u00e8poca, fins a desembocar en una llibertat de pinzell que el convertix en el pintor luminista de la muntanya alcoiana.<\/p>\n<\/details>\n<details id=\"e-n-accordion-item-2061\" >\n<summary data-accordion-index=\"2\" tabindex=\"-1\" aria-expanded=\"false\" aria-controls=\"e-n-accordion-item-2061\" >\n\t\t\t\t\t G\u00e8neres tractats<br \/>\n\t\t\t<svg aria-hidden=\"true\" viewBox=\"0 0 448 512\" xmlns=\"http:\/\/www.w3.org\/2000\/svg\"><path d=\"M416 208H32c-17.67 0-32 14.33-32 32v32c0 17.67 14.33 32 32 32h384c17.67 0 32-14.33 32-32v-32c0-17.67-14.33-32-32-32z\"><\/path><\/svg><br \/>\n\t\t\t<svg aria-hidden=\"true\" viewBox=\"0 0 448 512\" xmlns=\"http:\/\/www.w3.org\/2000\/svg\"><path d=\"M416 208H272V64c0-17.67-14.33-32-32-32h-32c-17.67 0-32 14.33-32 32v144H32c-17.67 0-32 14.33-32 32v32c0 17.67 14.33 32 32 32h144v144c0 17.67 14.33 32 32 32h32c17.67 0 32-14.33 32-32V304h144c17.67 0 32-14.33 32-32v-32c0-17.67-14.33-32-32-32z\"><\/path><\/svg><br \/>\n\t\t\t\t\t\t<\/summary>\n<p>Pr\u00f2xim al modernisme, des del principi de la seua traject\u00f2ria com a artista a finals del segle XIX, va conrear una gran varietat de g\u00e8neres:<\/p>\n<p>\u2013 Paisatges<br \/>\u2013 Retrats<\/p>\n<p>\u2013 Autoretrat<br \/>\u2013 Natura morta<\/p>\n<p>\u2013 Flors<br \/>\u2013 Escenes costumistes<\/p>\n<p>\u2013 Tipus populars<br \/>\u2013 Interiors<\/p>\n<p>\u2013 Realisme social<br \/>\u2013 Religi\u00f3s<\/p>\n<p>\u2013 Nu<br \/>\u2013 Simbolisme<\/p>\n<p>Tots ells amb igual domini t\u00e8cnic i expressiu.<\/p>\n<\/details>\n<details id=\"e-n-accordion-item-2062\" >\n<summary data-accordion-index=\"3\" tabindex=\"-1\" aria-expanded=\"false\" aria-controls=\"e-n-accordion-item-2062\" >\n\t\t\t\t\t Reconeixements<br \/>\n\t\t\t<svg aria-hidden=\"true\" viewBox=\"0 0 448 512\" xmlns=\"http:\/\/www.w3.org\/2000\/svg\"><path d=\"M416 208H32c-17.67 0-32 14.33-32 32v32c0 17.67 14.33 32 32 32h384c17.67 0 32-14.33 32-32v-32c0-17.67-14.33-32-32-32z\"><\/path><\/svg><br \/>\n\t\t\t<svg aria-hidden=\"true\" viewBox=\"0 0 448 512\" xmlns=\"http:\/\/www.w3.org\/2000\/svg\"><path d=\"M416 208H272V64c0-17.67-14.33-32-32-32h-32c-17.67 0-32 14.33-32 32v144H32c-17.67 0-32 14.33-32 32v32c0 17.67 14.33 32 32 32h144v144c0 17.67 14.33 32 32 32h32c17.67 0 32-14.33 32-32V304h144c17.67 0 32-14.33 32-32v-32c0-17.67-14.33-32-32-32z\"><\/path><\/svg><br \/>\n\t\t\t\t\t\t<\/summary>\n<p>Va obtindre nombrosos reconeixements, com les medalles de plata en les Exposicions Nacionals de 1890 i 1892 per \u201cHu\u00e9rfanos\u201d i \u201cTierra\u201d, i la d\u2019or en 1906 per \u201cAl abismo\u201d.<\/p>\n<p>El seu \u00e8xit internacional tamb\u00e9 va ser reconegut amb la medalla de bronze en l\u2019Exposici\u00f3 Universal de Par\u00eds de 1900 per \u201cMors in vita\u201d i amb la medalla d\u2019or en l\u2019Exposici\u00f3 de San Francisco de 1915 per \u201cEl santo del abuelo\u201d.<\/p>\n<p>La ciutat d\u2019Alcoi i la prov\u00edncia d\u2019Alacant van recon\u00e9ixer els seus m\u00e8rits nomenant-lo, en 1926, Fill Preclar de la Prov\u00edncia d\u2019Alacant per la Diputaci\u00f3, Fill Adoptiu per l\u2019Ajuntament d\u2019Alacant i Fill Predilecte per la ciutat d\u2019Alcoi.<\/p>\n<\/details>\n<details id=\"e-n-accordion-item-2063\" >\n<summary data-accordion-index=\"4\" tabindex=\"-1\" aria-expanded=\"false\" aria-controls=\"e-n-accordion-item-2063\" >\n\t\t\t\t\t El seu vincle amb Alcoi<br \/>\n\t\t\t<svg aria-hidden=\"true\" viewBox=\"0 0 448 512\" xmlns=\"http:\/\/www.w3.org\/2000\/svg\"><path d=\"M416 208H32c-17.67 0-32 14.33-32 32v32c0 17.67 14.33 32 32 32h384c17.67 0 32-14.33 32-32v-32c0-17.67-14.33-32-32-32z\"><\/path><\/svg><br \/>\n\t\t\t<svg aria-hidden=\"true\" viewBox=\"0 0 448 512\" xmlns=\"http:\/\/www.w3.org\/2000\/svg\"><path d=\"M416 208H272V64c0-17.67-14.33-32-32-32h-32c-17.67 0-32 14.33-32 32v144H32c-17.67 0-32 14.33-32 32v32c0 17.67 14.33 32 32 32h144v144c0 17.67 14.33 32 32 32h32c17.67 0 32-14.33 32-32V304h144c17.67 0 32-14.33 32-32v-32c0-17.67-14.33-32-32-32z\"><\/path><\/svg><br \/>\n\t\t\t\t\t\t<\/summary>\n<p>A difer\u00e8ncia d\u2019altres artistes de la seua \u00e8poca, despr\u00e9s dels seus per\u00edodes de formaci\u00f3 finalitzats en 1894, va fixar la seua resid\u00e8ncia definitiva a Alcoi.<\/p>\n<p>Va ser catedr\u00e0tic de dibuix a l\u2019Escola d\u2019Arts i Oficis d\u2019Alcoi, impulsor de joves artistes i va exercir un paper clau en la vida cultural de la ciutat com a assessor art\u00edstic en diverses entitats.<\/p>\n<p>Va ser president de l\u2019Associaci\u00f3 de Sant Jordi, del Cercle Industrial i de la Societat de Concerts, dissenyador de vestits festius i col\u00b7laborador habitual en obres modernistes al costat de l\u2019arquitecte Vicent Pascual.<\/p>\n<p>El seu estudi a la Casa del Pav\u00f3, edifici que ell mateix va ajudar a dissenyar, es va convertir en un espai cultural de refer\u00e8ncia, on se celebraven concerts, recitals, classes i trobades art\u00edstiques.<\/p>\n<\/details>\n<p>Nascut a Alcoi en 1866. Pintor, dibuixant i aquarel\u00b7lista, figura clau de l\u2019escola pict\u00f2rica alcoiana entre els segles XIX i XX. <\/p>\n<p>Format inicialment a l\u2019Escola de Sant Carles de Val\u00e8ncia, amb Lorenzo Casanova a Alcoi i a l\u2019Escola de San Fernando de Madrid amb Casto Plasencia, va ampliar els seus estudis a It\u00e0lia gr\u00e0cies a una beca de la Diputaci\u00f3 d\u2019Alacant concedida el 1891.<\/p>\n<p>La seua obra italiana, amb domini del \u201csfumato\u201d i influ\u00efda per Fortuny, combina en el seu retorn el realisme acad\u00e8mic amb una sensibilitat social pr\u00f2pia de l\u2019\u00e8poca, fins a desembocar en una llibertat de pinzell que el convertix en el pintor luminista de la muntanya alcoiana.<\/p>\n<p>Pr\u00f2xim al modernisme, des del principi de la seua traject\u00f2ria com a artista a finals del segle XIX, va conrear una gran varietat de g\u00e8neres:<\/p>\n<p>\u2013 Paisatges<br \/>\u2013 Retrats<\/p>\n<p>\u2013 Autoretrat<br \/>\u2013 Natura morta<\/p>\n<p>\u2013 Flors<br \/>\u2013 Escenes costumistes<\/p>\n<p>\u2013 Tipus populars<br \/>\u2013 Interiors<\/p>\n<p>\u2013 Realisme social<br \/>\u2013 Religi\u00f3s<\/p>\n<p>\u2013 Nu<br \/>\u2013 Simbolisme<\/p>\n<p>Tots ells amb igual domini t\u00e8cnic i expressiu.<\/p>\n<p>Va obtindre nombrosos reconeixements, com les medalles de plata en les Exposicions Nacionals de 1890 i 1892 per \u201cHu\u00e9rfanos\u201d i \u201cTierra\u201d, i la d\u2019or en 1906 per \u201cAl abismo\u201d.<\/p>\n<p>El seu \u00e8xit internacional tamb\u00e9 va ser reconegut amb la medalla de bronze en l\u2019Exposici\u00f3 Universal de Par\u00eds de 1900 per \u201cMors in vita\u201d i amb la medalla d\u2019or en l\u2019Exposici\u00f3 de San Francisco de 1915 per \u201cEl santo del abuelo\u201d.<\/p>\n<p>La ciutat d\u2019Alcoi i la prov\u00edncia d\u2019Alacant van recon\u00e9ixer els seus m\u00e8rits nomenant-lo, en 1926, Fill Preclar de la Prov\u00edncia d\u2019Alacant per la Diputaci\u00f3, Fill Adoptiu per l\u2019Ajuntament d\u2019Alacant i Fill Predilecte per la ciutat d\u2019Alcoi.<\/p>\n<p>A difer\u00e8ncia d\u2019altres artistes de la seua \u00e8poca, despr\u00e9s dels seus per\u00edodes de formaci\u00f3 finalitzats en 1894, va fixar la seua resid\u00e8ncia definitiva a Alcoi.<\/p>\n<p>Va ser catedr\u00e0tic de dibuix a l\u2019Escola d\u2019Arts i Oficis d\u2019Alcoi, impulsor de joves artistes i va exercir un paper clau en la vida cultural de la ciutat com a assessor art\u00edstic en diverses entitats.<\/p>\n<p>Va ser president de l\u2019Associaci\u00f3 de Sant Jordi, del Cercle Industrial i de la Societat de Concerts, dissenyador de vestits festius i col\u00b7laborador habitual en obres modernistes al costat de l\u2019arquitecte Vicent Pascual.<\/p>\n<p>El seu estudi a la Casa del Pav\u00f3, edifici que ell mateix va ajudar a dissenyar, es va convertir en un espai cultural de refer\u00e8ncia, on se celebraven concerts, recitals, classes i trobades art\u00edstiques.<\/p>\n<p>\t\t\t\t\t<a href=\"https:\/\/fundacion.neuronadigital.es\/val\/amics\/\"><br \/>\n\t\t\t\t\t\t\t\t\tFES-TE AMIC<br \/>\n\t\t\t\t\t<\/a><\/p>\n<p>\n\t\t\t\t\t\tJunts, fem possible que l\u2019obra de Fernando Cabrera Cant\u00f3 continue viva i accessible per a tots.\n\t\t\t\t\t<\/p>\n","protected":false},"excerpt":{"rendered":"<p>Fernando Cabrera Cant\u00f3: una vida dedicada a l\u2019art, la cultura i la seua ciutat Biografia Formaci\u00f3, estil i evoluci\u00f3 Nascut a Alcoi en 1866. Pintor, dibuixant i aquarel\u00b7lista, figura clau de l\u2019escola pict\u00f2rica alcoiana entre els segles XIX i XX. Format inicialment a l\u2019Escola de Sant Carles de Val\u00e8ncia, amb Lorenzo Casanova a Alcoi i [&hellip;]<\/p>\n","protected":false},"author":1,"featured_media":0,"parent":0,"menu_order":0,"comment_status":"closed","ping_status":"closed","template":"","meta":{"give_campaign_id":0,"footnotes":""},"class_list":["post-2683","page","type-page","status-publish","hentry"],"campaignId":"","_links":{"self":[{"href":"https:\/\/fundacion.neuronadigital.es\/val\/wp-json\/wp\/v2\/pages\/2683","targetHints":{"allow":["GET"]}}],"collection":[{"href":"https:\/\/fundacion.neuronadigital.es\/val\/wp-json\/wp\/v2\/pages"}],"about":[{"href":"https:\/\/fundacion.neuronadigital.es\/val\/wp-json\/wp\/v2\/types\/page"}],"author":[{"embeddable":true,"href":"https:\/\/fundacion.neuronadigital.es\/val\/wp-json\/wp\/v2\/users\/1"}],"replies":[{"embeddable":true,"href":"https:\/\/fundacion.neuronadigital.es\/val\/wp-json\/wp\/v2\/comments?post=2683"}],"version-history":[{"count":0,"href":"https:\/\/fundacion.neuronadigital.es\/val\/wp-json\/wp\/v2\/pages\/2683\/revisions"}],"wp:attachment":[{"href":"https:\/\/fundacion.neuronadigital.es\/val\/wp-json\/wp\/v2\/media?parent=2683"}],"curies":[{"name":"wp","href":"https:\/\/api.w.org\/{rel}","templated":true}]}}