{"id":2690,"date":"2025-06-06T10:51:51","date_gmt":"2025-06-06T08:51:51","guid":{"rendered":"https:\/\/fundacion.neuronadigital.es\/fes-te-amic\/"},"modified":"2025-09-29T14:59:15","modified_gmt":"2025-09-29T14:59:15","slug":"fes-te-amic","status":"publish","type":"page","link":"https:\/\/fundacion.neuronadigital.es\/val\/fes-te-amic\/","title":{"rendered":"Fes-te amic"},"content":{"rendered":"<h2>Fes possible que l\u2019obra de Fernando Cabrera continue viva i accessible per a tots.<\/h2>\n<p>\t\t\t\t\t<a href=\"https:\/\/fundacion.neuronadigital.es\/val\/amics\/\"><br \/>\n\t\t\t\t\t\t\t\t\tFES-TE AMIC<br \/>\n\t\t\t\t\t<\/a><br \/>\n\t\t\t\t\t<a href=\"https:\/\/fundacion.neuronadigital.es\/val\/fes-te-amic\/#ventajas\"><br \/>\n\t\t\t\t<svg xmlns=\"http:\/\/www.w3.org\/2000\/svg\" height=\"24px\" viewBox=\"0 -960 960 960\" width=\"24px\" fill=\"#e3e3e3\"><path d=\"M480-240 240-480l56-56 144 144v-368h80v368l144-144 56 56-240 240Z\"><\/path><\/svg><br \/>\n\t\t\t\t\t\t\t\t\tSABER M\u00c9S<br \/>\n\t\t\t\t\t<\/a><\/p>\n<h2>Avantatges fiscals i culturals de fer-te amic de la fundaci\u00f3<\/h2>\n<ul>\n<li data-start=\"895\" data-end=\"976\">\n<p data-start=\"897\" data-end=\"976\">Col\u00b7labores en la conservaci\u00f3 i difusi\u00f3 del llegat de Fernando Cabrera Cant\u00f3.<\/p>\n<\/li>\n<li data-start=\"977\" data-end=\"1069\">\n<p data-start=\"979\" data-end=\"1069\">Participes en la vida cultural d\u2019Alcoi i en activitats amb impacte educatiu i social.<\/p>\n<\/li>\n<li data-start=\"1070\" data-end=\"1162\">\n<p data-start=\"1072\" data-end=\"1162\">Reps informaci\u00f3 exclusiva i acc\u00e9s preferent a activitats, exposicions i esdeveniments.<\/p>\n<\/li>\n<li data-start=\"1163\" data-end=\"1251\">\n<p data-start=\"1165\" data-end=\"1251\">Ajudes a que l\u2019art continue sent un motor de coneixement, trobada i transformaci\u00f3.<\/p>\n<\/li>\n<\/ul>\n<p>PARTICULARS<\/p>\n<p>Com a amic de la Fundaci\u00f3 Fernando Cabrera Cant\u00f3, la teua col\u00b7laboraci\u00f3 no sols dona suport a la conservaci\u00f3 del llegat art\u00edstic d\u2019un dels grans pintors del modernisme, sin\u00f3 que tamb\u00e9 et permet beneficiar-te d\u2019importants <strong data-start=\"603\" data-end=\"624\">avantatges fiscals.<\/strong><\/p>\n<p data-start=\"628\" data-end=\"735\"><strong data-start=\"628\" data-end=\"735\">Si eres particular, pots disfrutar de les seg\u00fcents deduccions fiscals en la teua declaraci\u00f3 de l\u2019IRPF<\/strong><\/p>\n<ul data-start=\"737\" data-end=\"841\">\n<li data-start=\"737\" data-end=\"788\">\n<p data-start=\"739\" data-end=\"788\"><strong data-start=\"739\" data-end=\"754\">Fins 250\u20ac:<\/strong> deducci\u00f3 del <strong data-start=\"769\" data-end=\"776\">80%<\/strong> del teu IRPF.<\/p>\n<\/li>\n<li data-start=\"789\" data-end=\"841\">\n<p data-start=\"791\" data-end=\"841\"><strong data-start=\"791\" data-end=\"807\">M\u00e9s de 250\u20ac:<\/strong> deducci\u00f3 del <strong data-start=\"822\" data-end=\"829\">40%<\/strong> del teu IRPF.<\/p>\n<\/li>\n<\/ul>\n<p data-start=\"843\" data-end=\"879\"><strong data-start=\"843\" data-end=\"879\">Despr\u00e9s de 3 anys de donacions:<\/strong><\/p>\n<ul data-start=\"880\" data-end=\"984\">\n<li data-start=\"880\" data-end=\"931\">\n<p data-start=\"882\" data-end=\"931\"><strong data-start=\"882\" data-end=\"897\">Fins 250\u20ac:<\/strong> deducci\u00f3 del <strong data-start=\"912\" data-end=\"919\">80%<\/strong> del teu IRPF.<\/p>\n<\/li>\n<li data-start=\"932\" data-end=\"984\">\n<p data-start=\"934\" data-end=\"984\"><strong data-start=\"934\" data-end=\"950\">M\u00e9s de 250\u20ac:<\/strong> deducci\u00f3 del <strong data-start=\"965\" data-end=\"972\">45%<\/strong> del teu IRPF.<\/p>\n<\/li>\n<\/ul>\n<p data-start=\"986\" data-end=\"1117\">Aix\u00f2 significa que, a m\u00e9s de contribuir a una causa cultural i social, pots vore com la teua generositat es reflectix en els teus impostos.<\/p>\n<p>EMPRESES I ENTITATS<\/p>\n<p data-start=\"1154\" data-end=\"1391\">Si representes una empresa o entitat, tamb\u00e9 pots beneficiar-te <strong data-start=\"1223\" data-end=\"1244\">d\u2019avantatges fiscals<\/strong> en col\u00b7laborar amb la Fundaci\u00f3. Les empreses tenen dret a deduir un percentatge del seu <strong data-start=\"1334\" data-end=\"1360\">Impost de Societats<\/strong> per les donacions realitzades. <\/p>\n<p data-start=\"1393\" data-end=\"1441\"><strong data-start=\"1393\" data-end=\"1441\">Avantatges fiscals per a empreses i entitats:<\/strong><\/p>\n<ul data-start=\"1442\" data-end=\"1529\">\n<li data-start=\"1442\" data-end=\"1526\">\n<p data-start=\"1444\" data-end=\"1526\"><strong data-start=\"1444\" data-end=\"1474\">Qualsevol quantitat donada<\/strong>: deducci\u00f3 del <strong data-start=\"1489\" data-end=\"1496\">40% <\/strong>en l\u2019Impost de Societats.<\/p>\n<\/li>\n<\/ul>\n<p data-start=\"1530\" data-end=\"1566\"><strong data-start=\"1530\" data-end=\"1566\">Despr\u00e9s de 3 anys de donacions:<\/strong><\/p>\n<ul data-start=\"1567\" data-end=\"1651\">\n<li data-start=\"1567\" data-end=\"1651\">\n<p data-start=\"1569\" data-end=\"1651\"><strong data-start=\"1569\" data-end=\"1599\">Qualsevol quantitat donada<\/strong>: deducci\u00f3 del <strong data-start=\"1614\" data-end=\"1621\">50%<\/strong> en l\u2019Impost de Societats.<\/p>\n<\/li>\n<\/ul>\n<p data-start=\"1653\" data-end=\"1795\">Igual que els particulars, les empreses poden aprofitar esta oportunitat per a col\u00b7laborar amb la cultura mentre optimitzen la seua fiscalitat.<\/p>\n<p>\t\t\t\t\t<a href=\"https:\/\/fundacion.neuronadigital.es\/val\/amics\/\"><br \/>\n\t\t\t\t<svg xmlns=\"http:\/\/www.w3.org\/2000\/svg\" viewBox=\"0 0 2048 2048\"><path d=\"M6.125 1088h1797.89l-402.976 403 89.994 90L2048 1024l-556.966-557-89.994 90 402.976 403H6.125v128z\"><\/path><\/svg><br \/>\n\t\t\t\t\t\t\t\t\tVULL FER-ME AMIC<br \/>\n\t\t\t\t\t<\/a><\/p>\n","protected":false},"excerpt":{"rendered":"<p>Fes possible que l\u2019obra de Fernando Cabrera continue viva i accessible per a tots. FES-TE AMIC SABER M\u00c9S Avantatges fiscals i culturals de fer-te amic de la fundaci\u00f3 Col\u00b7labores en la conservaci\u00f3 i difusi\u00f3 del llegat de Fernando Cabrera Cant\u00f3. Participes en la vida cultural d\u2019Alcoi i en activitats amb impacte educatiu i social. Reps [&hellip;]<\/p>\n","protected":false},"author":1,"featured_media":0,"parent":0,"menu_order":0,"comment_status":"closed","ping_status":"closed","template":"","meta":{"give_campaign_id":0,"footnotes":""},"class_list":["post-2690","page","type-page","status-publish","hentry"],"campaignId":"","_links":{"self":[{"href":"https:\/\/fundacion.neuronadigital.es\/val\/wp-json\/wp\/v2\/pages\/2690","targetHints":{"allow":["GET"]}}],"collection":[{"href":"https:\/\/fundacion.neuronadigital.es\/val\/wp-json\/wp\/v2\/pages"}],"about":[{"href":"https:\/\/fundacion.neuronadigital.es\/val\/wp-json\/wp\/v2\/types\/page"}],"author":[{"embeddable":true,"href":"https:\/\/fundacion.neuronadigital.es\/val\/wp-json\/wp\/v2\/users\/1"}],"replies":[{"embeddable":true,"href":"https:\/\/fundacion.neuronadigital.es\/val\/wp-json\/wp\/v2\/comments?post=2690"}],"version-history":[{"count":0,"href":"https:\/\/fundacion.neuronadigital.es\/val\/wp-json\/wp\/v2\/pages\/2690\/revisions"}],"wp:attachment":[{"href":"https:\/\/fundacion.neuronadigital.es\/val\/wp-json\/wp\/v2\/media?parent=2690"}],"curies":[{"name":"wp","href":"https:\/\/api.w.org\/{rel}","templated":true}]}}