{"id":2696,"date":"2025-06-06T10:49:00","date_gmt":"2025-06-06T08:49:00","guid":{"rendered":"https:\/\/fundacion.neuronadigital.es\/la-fundacio\/"},"modified":"2025-09-08T15:47:13","modified_gmt":"2025-09-08T15:47:13","slug":"la-fundacio","status":"publish","type":"page","link":"https:\/\/fundacion.neuronadigital.es\/val\/la-fundacio\/","title":{"rendered":"La fundaci\u00f3"},"content":{"rendered":"<h2>La Fundaci\u00f3<\/h2>\n<p data-start=\"584\" data-end=\"867\">Des de la Fundaci\u00f3 Fernando Cabrera Cant\u00f3 treballem per a conservar, estudiar i difondre l\u2019obra d\u2019un dels grans artistes del modernisme valenci\u00e0. El nostre objectiu \u00e9s mantindre viu el seu llegat art\u00edstic i hum\u00e0, connectant la seua pintura amb el present i amb les noves generacions.<\/p>\n<p data-start=\"869\" data-end=\"1140\">Impulsem activitats culturals, educatives i expositives, i promovem la investigaci\u00f3 i catalogaci\u00f3 de la seua obra, aix\u00ed com la protecci\u00f3 del patrimoni que forma part de la seua hist\u00f2ria. Creem en l\u2019art com a motor de mem\u00f2ria, coneixement i comprom\u00eds amb l\u2019entorn.<\/p>\n<p>\t\t\t\t\t\t\t\t\t\t\t\t\t\t\t<img loading=\"lazy\" decoding=\"async\" width=\"768\" height=\"487\" src=\"https:\/\/fundacion.neuronadigital.es\/wp-content\/uploads\/2025\/05\/Cuento-Verde-768x487.jpg\" alt=\"\" srcset=\"https:\/\/fundacion.neuronadigital.es\/wp-content\/uploads\/2025\/05\/Cuento-Verde-768x487.jpg 768w, https:\/\/fundacion.neuronadigital.es\/wp-content\/uploads\/2025\/05\/Cuento-Verde-600x380.jpg 600w, https:\/\/fundacion.neuronadigital.es\/wp-content\/uploads\/2025\/05\/Cuento-Verde-300x190.jpg 300w, https:\/\/fundacion.neuronadigital.es\/wp-content\/uploads\/2025\/05\/Cuento-Verde-1024x649.jpg 1024w, https:\/\/fundacion.neuronadigital.es\/wp-content\/uploads\/2025\/05\/Cuento-Verde.jpg 1326w\" sizes=\"auto, (max-width: 768px) 100vw, 768px\" \/>\t\t\t\t\t\t\t\t\t\t\t\t\t\t\t<\/p>\n<p data-pm-slice=\"1 1 []\">El <strong>Patronat<\/strong> de la Fundaci\u00f3 est\u00e0 format per persones vinculades a l\u2019\u00e0mbit cultural, institucional i social d\u2019Alcoi, compromeses amb la promoci\u00f3 del llegat de Fernando Cabrera Cant\u00f3. Este \u00f2rgan rector garantix el compliment dels fins fundacionals, aix\u00ed com la supervisi\u00f3 i suport a les activitats i projectes que es desenvolupen.<\/p>\n<p>\t\t\t\t\t<a href=\"https:\/\/fundacion.neuronadigital.es\/val\/fernando-cabrera\/\"><br \/>\n\t\t\t\t<svg xmlns=\"http:\/\/www.w3.org\/2000\/svg\" viewBox=\"0 0 2048 2048\"><path d=\"M6.125 1088h1797.89l-402.976 403 89.994 90L2048 1024l-556.966-557-89.994 90 402.976 403H6.125v128z\"><\/path><\/svg><br \/>\n\t\t\t\t\t\t\t\t\tsaber m\u00e9s<br \/>\n\t\t\t\t\t<\/a><\/p>\n","protected":false},"excerpt":{"rendered":"<p>La Fundaci\u00f3 Des de la Fundaci\u00f3 Fernando Cabrera Cant\u00f3 treballem per a conservar, estudiar i difondre l\u2019obra d\u2019un dels grans artistes del modernisme valenci\u00e0. El nostre objectiu \u00e9s mantindre viu el seu llegat art\u00edstic i hum\u00e0, connectant la seua pintura amb el present i amb les noves generacions. Impulsem activitats culturals, educatives i expositives, i [&hellip;]<\/p>\n","protected":false},"author":1,"featured_media":0,"parent":0,"menu_order":0,"comment_status":"closed","ping_status":"closed","template":"","meta":{"give_campaign_id":0,"footnotes":""},"class_list":["post-2696","page","type-page","status-publish","hentry"],"campaignId":"","_links":{"self":[{"href":"https:\/\/fundacion.neuronadigital.es\/val\/wp-json\/wp\/v2\/pages\/2696","targetHints":{"allow":["GET"]}}],"collection":[{"href":"https:\/\/fundacion.neuronadigital.es\/val\/wp-json\/wp\/v2\/pages"}],"about":[{"href":"https:\/\/fundacion.neuronadigital.es\/val\/wp-json\/wp\/v2\/types\/page"}],"author":[{"embeddable":true,"href":"https:\/\/fundacion.neuronadigital.es\/val\/wp-json\/wp\/v2\/users\/1"}],"replies":[{"embeddable":true,"href":"https:\/\/fundacion.neuronadigital.es\/val\/wp-json\/wp\/v2\/comments?post=2696"}],"version-history":[{"count":0,"href":"https:\/\/fundacion.neuronadigital.es\/val\/wp-json\/wp\/v2\/pages\/2696\/revisions"}],"wp:attachment":[{"href":"https:\/\/fundacion.neuronadigital.es\/val\/wp-json\/wp\/v2\/media?parent=2696"}],"curies":[{"name":"wp","href":"https:\/\/api.w.org\/{rel}","templated":true}]}}