{"id":2705,"date":"2025-05-16T07:16:37","date_gmt":"2025-05-16T05:16:37","guid":{"rendered":"https:\/\/fundacion.neuronadigital.es\/contacte\/"},"modified":"2025-10-13T20:22:50","modified_gmt":"2025-10-13T18:22:50","slug":"contacte","status":"publish","type":"page","link":"https:\/\/fundacion.neuronadigital.es\/val\/contacte\/","title":{"rendered":"Contacte"},"content":{"rendered":"<h1>Contacte<\/h1>\n<p data-pm-slice=\"1 1 []\">Per a qualsevol consulta, proposta o sol\u00b7licitud d\u2019informaci\u00f3, pots posar-te en contacte amb nosaltres a trav\u00e9s del formulari web o per correu electr\u00f2nic.<\/p>\n<h3>Fundaci\u00f3 Fernando Cabrera<\/h3>\n<ul>\n<li>\n\t\t\t\t\t\t\t<svg aria-hidden=\"true\" viewBox=\"0 0 384 512\" xmlns=\"http:\/\/www.w3.org\/2000\/svg\"><path d=\"M172.268 501.67C26.97 291.031 0 269.413 0 192 0 85.961 85.961 0 192 0s192 85.961 192 192c0 77.413-26.97 99.031-172.268 309.67-9.535 13.774-29.93 13.773-39.464 0zM192 272c44.183 0 80-35.817 80-80s-35.817-80-80-80-80 35.817-80 80 35.817 80 80 80z\"><\/path><\/svg><br \/>\n\t\t\t\t\t\t\t\t\t\tC\/ San Nicol\u00e1s , 15 Alcoi\n\t\t\t\t\t\t\t\t\t<\/li>\n<li>\n\t\t\t\t\t\t\t<svg aria-hidden=\"true\" viewBox=\"0 0 512 512\" xmlns=\"http:\/\/www.w3.org\/2000\/svg\"><path d=\"M464 64H48C21.49 64 0 85.49 0 112v288c0 26.51 21.49 48 48 48h416c26.51 0 48-21.49 48-48V112c0-26.51-21.49-48-48-48zm0 48v40.805c-22.422 18.259-58.168 46.651-134.587 106.49-16.841 13.247-50.201 45.072-73.413 44.701-23.208.375-56.579-31.459-73.413-44.701C106.18 199.465 70.425 171.067 48 152.805V112h416zM48 400V214.398c22.914 18.251 55.409 43.862 104.938 82.646 21.857 17.205 60.134 55.186 103.062 54.955 42.717.231 80.509-37.199 103.053-54.947 49.528-38.783 82.032-64.401 104.947-82.653V400H48z\"><\/path><\/svg><br \/>\n\t\t\t\t\t\t\t\t\t\tinfo@fundacion.neuronadigital.es\n\t\t\t\t\t\t\t\t\t<\/li>\n<\/ul>\n<p>\t\t\t<iframe loading=\"lazy\"\n\t\t\t\t\tsrc=\"https:\/\/maps.google.com\/maps?q=calle%20san%20nicolas%20alcoi&#038;t=m&#038;z=12&#038;output=embed&#038;iwloc=near\"\n\t\t\t\t\ttitle=\"calle san nicolas alcoi\"\n\t\t\t\t\taria-label=\"calle san nicolas alcoi\"\n\t\t\t><\/iframe><\/p>\n<p role=\"status\" aria-live=\"polite\" aria-atomic=\"true\">\n<ul><\/ul>\n<form action=\"\/wp-admin\/admin-ajax.php#wpcf7-f2994-o1\" method=\"post\" aria-label=\"Formulario de contacto\" novalidate=\"novalidate\" data-status=\"init\">\n<fieldset><input type=\"hidden\" name=\"_wpcf7\" value=\"2994\" \/><input type=\"hidden\" name=\"_wpcf7_version\" value=\"6.1.2\" \/><input type=\"hidden\" name=\"_wpcf7_locale\" value=\"es_ES\" \/><input type=\"hidden\" name=\"_wpcf7_unit_tag\" value=\"wpcf7-f2994-o1\" \/><input type=\"hidden\" name=\"_wpcf7_container_post\" value=\"0\" \/><input type=\"hidden\" name=\"_wpcf7_posted_data_hash\" value=\"\" \/><br \/>\n<\/fieldset>\n<p><label> Nom<br \/>\n<input size=\"40\" maxlength=\"400\" autocomplete=\"name\" aria-required=\"true\" aria-invalid=\"false\" value=\"\" type=\"text\" name=\"your-name\" \/> <\/label>\n<\/p>\n<p><label> Correu electr\u00f2nic<br \/>\n<input size=\"40\" maxlength=\"400\" autocomplete=\"email\" aria-required=\"true\" aria-invalid=\"false\" value=\"\" type=\"email\" name=\"your-email\" \/> <\/label>\n<\/p>\n<p><label> Assumpte<br \/>\n<input size=\"40\" maxlength=\"400\" aria-required=\"true\" aria-invalid=\"false\" value=\"\" type=\"text\" name=\"your-subject\" \/> <\/label>\n<\/p>\n<p><label> Missatge (opcional)<br \/>\n<textarea cols=\"40\" rows=\"10\" maxlength=\"2000\" aria-invalid=\"false\" name=\"your-message\"><\/textarea> <\/label>\n<\/p>\n<p><label><label><input type=\"checkbox\" name=\"acceptance-40\" value=\"1\" aria-invalid=\"false\" \/>He llegit i accepte la <a href=\"https:\/\/fundacion.neuronadigital.es\/val\/politica-de-cookies\/\" target=\"_blank\" title=\"Llegir la Pol\u00edtica de Cookies\">Pol\u00edtica de cookies<\/a><\/label><\/label>\n<\/p>\n<p><input type=\"submit\" value=\"Enviar\" \/>\n<\/p>\n<\/form>\n<p><b>Responsable del tratamiento<\/b>: FUNDACI\u00d3N DE LA COMUNITAT VALENCIANA FERNANDO CABRERA CANT\u00d3<\/p>\n<p><b>Finalidad en el tratamiento de los datos<\/b>: Este formulario tiene la finalidad de atender, solventar y gestionar sus consultas e incidencias.<\/p>\n<p><b>Legitimaci\u00f3n:<\/b> consentimiento expreso mediante acci\u00f3n afirmativa.<\/p>\n<p><b>Cesiones:<\/b> Sus datos adjuntos en este formulario, en ning\u00fan caso ser\u00e1n cedidos a terceros salvo obligaci\u00f3n legal.<\/p>\n<p><b>Derecho de los interesados<\/b>: Podr\u00e1 ejercitar sus derechos sobre protecci\u00f3n de datos (acceso, rectificaci\u00f3n, oposici\u00f3n, supresi\u00f3n, decisiones automatizadas, limitaci\u00f3n del tratamiento, portabilidad) por correo electr\u00f3nico en <a href=\"mailto:admin@fundacion.neuronadigital.es\">admin@fundacion.neuronadigital.es<\/a>. En cualquier caso, puede solicitar la tutela de la Agencia Espa\u00f1ola de Protecci\u00f3n de Datos a trav\u00e9s de su p\u00e1gina web, <a href=\"http:\/\/www.aepd.es\">www.aepd.es<\/a><\/p>\n<p>\t\t\t\t\t<a href=\"https:\/\/fundacion.neuronadigital.es\/val\/amics\/\"><br \/>\n\t\t\t\t\t\t\t\t\tFES-TE AMIC<br \/>\n\t\t\t\t\t<\/a><\/p>\n<p>\n\t\t\t\t\t\tJunts, fem possible que l\u2019obra de Fernando Cabrera Cant\u00f3 continue viva i accessible per a tots.\n\t\t\t\t\t<\/p>\n","protected":false},"excerpt":{"rendered":"<p>Contacte Per a qualsevol consulta, proposta o sol\u00b7licitud d\u2019informaci\u00f3, pots posar-te en contacte amb nosaltres a trav\u00e9s del formulari web o per correu electr\u00f2nic. Fundaci\u00f3 Fernando Cabrera C\/ San Nicol\u00e1s , 15 Alcoi info@fundacion.neuronadigital.es Nom Correu electr\u00f2nic Assumpte Missatge (opcional) He llegit i accepte la Pol\u00edtica de cookies Responsable del tratamiento: FUNDACI\u00d3N DE LA COMUNITAT [&hellip;]<\/p>\n","protected":false},"author":1,"featured_media":0,"parent":0,"menu_order":0,"comment_status":"closed","ping_status":"closed","template":"","meta":{"give_campaign_id":0,"footnotes":""},"class_list":["post-2705","page","type-page","status-publish","hentry"],"campaignId":"","_links":{"self":[{"href":"https:\/\/fundacion.neuronadigital.es\/val\/wp-json\/wp\/v2\/pages\/2705","targetHints":{"allow":["GET"]}}],"collection":[{"href":"https:\/\/fundacion.neuronadigital.es\/val\/wp-json\/wp\/v2\/pages"}],"about":[{"href":"https:\/\/fundacion.neuronadigital.es\/val\/wp-json\/wp\/v2\/types\/page"}],"author":[{"embeddable":true,"href":"https:\/\/fundacion.neuronadigital.es\/val\/wp-json\/wp\/v2\/users\/1"}],"replies":[{"embeddable":true,"href":"https:\/\/fundacion.neuronadigital.es\/val\/wp-json\/wp\/v2\/comments?post=2705"}],"version-history":[{"count":0,"href":"https:\/\/fundacion.neuronadigital.es\/val\/wp-json\/wp\/v2\/pages\/2705\/revisions"}],"wp:attachment":[{"href":"https:\/\/fundacion.neuronadigital.es\/val\/wp-json\/wp\/v2\/media?parent=2705"}],"curies":[{"name":"wp","href":"https:\/\/api.w.org\/{rel}","templated":true}]}}