{"id":2707,"date":"2025-05-16T07:16:35","date_gmt":"2025-05-16T05:16:35","guid":{"rendered":"https:\/\/fundacion.neuronadigital.es\/obres\/"},"modified":"2025-10-13T20:34:41","modified_gmt":"2025-10-13T18:34:41","slug":"obres","status":"publish","type":"page","link":"https:\/\/fundacion.neuronadigital.es\/val\/obres\/","title":{"rendered":"Obres"},"content":{"rendered":"<h1>Obres<\/h1>\n<p>Descobrix les principals obres de Fernando Cabrera Cant\u00f3, un recorregut pels seus g\u00e8neres m\u00e9s representatius. Des de paisatges fins a realisme social, cada pe\u00e7a reflectix la seua visi\u00f3 \u00fanica de l\u2019art i la societat.<\/p>\n<ul aria-label=\"Filtro de Taxonom\u00eda\">\n<li data-filter=\"*\">Tot<\/li>\n<li data-filter=\".autoretratos\" tabindex=\"0\">Autoretratos<\/li>\n<li data-filter=\".bodegon\" tabindex=\"0\">Bodeg\u00f3n<\/li>\n<li data-filter=\".costumbrista\" tabindex=\"0\">Costumbrista<\/li>\n<li data-filter=\".desnudo\" tabindex=\"0\">Desnudo<\/li>\n<li data-filter=\".estudios\" tabindex=\"0\">Estudios<\/li>\n<li data-filter=\".flores\" tabindex=\"0\">Flores<\/li>\n<li data-filter=\".interiores\" tabindex=\"0\">Interiores<\/li>\n<li data-filter=\".paisajes\" tabindex=\"0\">Paisajes<\/li>\n<li data-filter=\".realismo-social\" tabindex=\"0\">Realismo Social<\/li>\n<li data-filter=\".religioso-mitologico\" tabindex=\"0\">Religioso\/ mitol\u00f3gico<\/li>\n<li data-filter=\".retratos\" tabindex=\"0\">Retratos<\/li>\n<li data-filter=\".simbolismo\" tabindex=\"0\">Simbolismo<\/li>\n<li data-filter=\".tipos-populares\" tabindex=\"0\">Tipos Populares<\/li>\n<\/ul>\n<p>\t\t\t<a href=\"https:\/\/fundacion.neuronadigital.es\/obras\/paisaje-con-niebla\/\" target=\"_self\" title=\"Paisaje con niebla\"><img loading=\"lazy\" decoding=\"async\" width=\"1960\" height=\"2560\" src=\"https:\/\/fundacion.neuronadigital.es\/wp-content\/uploads\/2025\/07\/paisaje-con-niebla-scaled.jpg\" alt=\"\" \/><\/a><\/p>\n<h4>\n\t\t\t\t\tPaisaje con niebla\t\t\t\t<\/h4>\n<p>\t\t\t<a href=\"https:\/\/fundacion.neuronadigital.es\/obras\/pinos-de-mariola\/\" target=\"_self\" title=\"Pinos de Mariola\"><img loading=\"lazy\" decoding=\"async\" width=\"2560\" height=\"2021\" src=\"https:\/\/fundacion.neuronadigital.es\/wp-content\/uploads\/2025\/07\/pinos-de-mariola-scaled.jpg\" alt=\"\" \/><\/a><\/p>\n<h4>\n\t\t\t\t\tPinos de Mariola\t\t\t\t<\/h4>\n<p>\t\t\t<a href=\"https:\/\/fundacion.neuronadigital.es\/obras\/fuente-la-menora\/\" target=\"_self\" title=\"Fuente \u00abLa Menora\u00bb\"><img loading=\"lazy\" decoding=\"async\" width=\"1843\" height=\"2560\" src=\"https:\/\/fundacion.neuronadigital.es\/wp-content\/uploads\/2025\/07\/fuente-de-la-menora-scaled.jpg\" alt=\"\" \/><\/a><\/p>\n<h4>\n\t\t\t\t\tFuente \u00abLa Menora\u00bb\t\t\t\t<\/h4>\n<p>\t\t\t<a href=\"https:\/\/fundacion.neuronadigital.es\/obras\/jose-jorda-valor\/\" target=\"_self\" title=\"Jos\u00e9 Jord\u00e1 Valor\"><img loading=\"lazy\" decoding=\"async\" width=\"1072\" height=\"1408\" src=\"https:\/\/fundacion.neuronadigital.es\/wp-content\/uploads\/2025\/07\/jose-jorda-valor.jpg\" alt=\"\" \/><\/a><\/p>\n<h4>\n\t\t\t\t\tJos\u00e9 Jord\u00e1 Valor\t\t\t\t<\/h4>\n<p>\t\t\t<a href=\"https:\/\/fundacion.neuronadigital.es\/obras\/mi-dulce-esposa-milagros\/\" target=\"_self\" title=\"Mi dulce esposa Milagros\"><img loading=\"lazy\" decoding=\"async\" width=\"1621\" height=\"2560\" src=\"https:\/\/fundacion.neuronadigital.es\/wp-content\/uploads\/2025\/07\/mi-dulce-esposa-milagros-scaled.jpg\" alt=\"\" \/><\/a><\/p>\n<h4>\n\t\t\t\t\tMi dulce esposa Milagros\t\t\t\t<\/h4>\n<p>\t\t\t<a href=\"https:\/\/fundacion.neuronadigital.es\/obras\/paco-gisbert\/\" target=\"_self\" title=\"Paco Gisbert\"><img loading=\"lazy\" decoding=\"async\" width=\"402\" height=\"618\" src=\"https:\/\/fundacion.neuronadigital.es\/wp-content\/uploads\/2025\/07\/paco-gisbert.jpg\" alt=\"\" \/><\/a><\/p>\n<h4>\n\t\t\t\t\tPaco Gisbert\t\t\t\t<\/h4>\n<p>\t\t\t<a href=\"https:\/\/fundacion.neuronadigital.es\/obras\/autoretrato\/\" target=\"_self\" title=\"Autoretrato\"><img loading=\"lazy\" decoding=\"async\" width=\"1954\" height=\"2560\" src=\"https:\/\/fundacion.neuronadigital.es\/wp-content\/uploads\/2025\/07\/Autoretrato-scaled.jpg\" alt=\"\" \/><\/a><\/p>\n<h4>\n\t\t\t\t\tAutoretrato\t\t\t\t<\/h4>\n<p>\t\t\t<a href=\"https:\/\/fundacion.neuronadigital.es\/obras\/autoretrato-con-sombrero\/\" target=\"_self\" title=\"Autoretrato con sombrero\"><img loading=\"lazy\" decoding=\"async\" width=\"2015\" height=\"2560\" src=\"https:\/\/fundacion.neuronadigital.es\/wp-content\/uploads\/2025\/07\/Autoretrato-con-sombrero-scaled.jpg\" alt=\"\" \/><\/a><\/p>\n<h4>\n\t\t\t\t\tAutoretrato con sombrero\t\t\t\t<\/h4>\n<p>\t\t\t<a href=\"https:\/\/fundacion.neuronadigital.es\/obras\/autoretrato-ultimo\/\" target=\"_self\" title=\"Autoretrato \u00faltimo\"><img loading=\"lazy\" decoding=\"async\" width=\"1385\" height=\"2048\" src=\"https:\/\/fundacion.neuronadigital.es\/wp-content\/uploads\/2025\/07\/Autoretrato-ultimo.jpg\" alt=\"\" \/><\/a><\/p>\n<h4>\n\t\t\t\t\tAutoretrato \u00faltimo\t\t\t\t<\/h4>\n<p>\t\t\t<a href=\"https:\/\/fundacion.neuronadigital.es\/obras\/hortalizas\/\" target=\"_self\" title=\"Hortalizas\"><img loading=\"lazy\" decoding=\"async\" width=\"2560\" height=\"1635\" src=\"https:\/\/fundacion.neuronadigital.es\/wp-content\/uploads\/2025\/07\/hortalizas-scaled.jpg\" alt=\"\" \/><\/a><\/p>\n<h4>\n\t\t\t\t\tHortalizas\t\t\t\t<\/h4>\n<p>\t\t\t<a href=\"https:\/\/fundacion.neuronadigital.es\/obras\/jarra-y-naranjas\/\" target=\"_self\" title=\"Jarra y naranjas\"><img loading=\"lazy\" decoding=\"async\" width=\"2560\" height=\"1788\" src=\"https:\/\/fundacion.neuronadigital.es\/wp-content\/uploads\/2025\/07\/jarra-y-naranjas-scaled.jpg\" alt=\"\" \/><\/a><\/p>\n<h4>\n\t\t\t\t\tJarra y naranjas\t\t\t\t<\/h4>\n<p>\t\t\t<a href=\"https:\/\/fundacion.neuronadigital.es\/obras\/naranjas-y-col\/\" target=\"_self\" title=\"Naranjas y col\"><img loading=\"lazy\" decoding=\"async\" width=\"1276\" height=\"1372\" src=\"https:\/\/fundacion.neuronadigital.es\/wp-content\/uploads\/2025\/07\/naranjas-y-col.jpg\" alt=\"\" \/><\/a><\/p>\n<h4>\n\t\t\t\t\tNaranjas y col\t\t\t\t<\/h4>\n<p>\t\t\t<a href=\"https:\/\/fundacion.neuronadigital.es\/obras\/jarra-con-claveles\/\" target=\"_self\" title=\"Jarra con claveles\"><img loading=\"lazy\" decoding=\"async\" width=\"1657\" height=\"2560\" src=\"https:\/\/fundacion.neuronadigital.es\/wp-content\/uploads\/2025\/07\/jarra-con-claveles-scaled.jpg\" alt=\"\" \/><\/a><\/p>\n<h4>\n\t\t\t\t\tJarra con claveles\t\t\t\t<\/h4>\n<p>\t\t\t<a href=\"https:\/\/fundacion.neuronadigital.es\/obras\/rosas\/\" target=\"_self\" title=\"Rosas\"><img loading=\"lazy\" decoding=\"async\" width=\"900\" height=\"1678\" src=\"https:\/\/fundacion.neuronadigital.es\/wp-content\/uploads\/2025\/07\/rosas.jpg\" alt=\"\" \/><\/a><\/p>\n<h4>\n\t\t\t\t\tRosas\t\t\t\t<\/h4>\n<p>\t\t\t<a href=\"https:\/\/fundacion.neuronadigital.es\/obras\/malvas-reales\/\" target=\"_self\" title=\"Malvas reales\"><img loading=\"lazy\" decoding=\"async\" width=\"751\" height=\"1053\" src=\"https:\/\/fundacion.neuronadigital.es\/wp-content\/uploads\/2025\/07\/malvas-reales.jpg\" alt=\"\" \/><\/a><\/p>\n<h4>\n\t\t\t\t\tMalvas reales\t\t\t\t<\/h4>\n<p>\t\t\t<a href=\"https:\/\/fundacion.neuronadigital.es\/obras\/concierto-improvisado\/\" target=\"_self\" title=\"Concierto improvisado\"><img loading=\"lazy\" decoding=\"async\" width=\"1491\" height=\"951\" src=\"https:\/\/fundacion.neuronadigital.es\/wp-content\/uploads\/2025\/07\/concierto-improvisado.jpg\" alt=\"\" \/><\/a><\/p>\n<h4>\n\t\t\t\t\tConcierto improvisado\t\t\t\t<\/h4>\n<p>\t\t\t<a href=\"https:\/\/fundacion.neuronadigital.es\/obras\/el-santo-del-abuelo\/\" target=\"_self\" title=\"El santo del abuelo\"><img loading=\"lazy\" decoding=\"async\" width=\"2201\" height=\"1674\" src=\"https:\/\/fundacion.neuronadigital.es\/wp-content\/uploads\/2025\/07\/el-santo-del-abuelo.jpg\" alt=\"\" \/><\/a><\/p>\n<h4>\n\t\t\t\t\tEl santo del abuelo\t\t\t\t<\/h4>\n<p>\t\t\t<a href=\"https:\/\/fundacion.neuronadigital.es\/obras\/toni-el-bobo\/\" target=\"_self\" title=\"Toni el Bobo\"><img loading=\"lazy\" decoding=\"async\" width=\"1225\" height=\"1975\" src=\"https:\/\/fundacion.neuronadigital.es\/wp-content\/uploads\/2025\/07\/toni-el-bobo.jpg\" alt=\"\" \/><\/a><\/p>\n<h4>\n\t\t\t\t\tToni el Bobo\t\t\t\t<\/h4>\n<p>\t\t\t<a href=\"https:\/\/fundacion.neuronadigital.es\/obras\/la-calera\/\" target=\"_self\" title=\"La calera\"><img loading=\"lazy\" decoding=\"async\" width=\"1319\" height=\"1005\" src=\"https:\/\/fundacion.neuronadigital.es\/wp-content\/uploads\/2025\/07\/la-calera.jpg\" alt=\"\" \/><\/a><\/p>\n<h4>\n\t\t\t\t\tLa calera\t\t\t\t<\/h4>\n<p>\t\t\t<a href=\"https:\/\/fundacion.neuronadigital.es\/obras\/campesino\/\" target=\"_self\" title=\"Campesino\"><img loading=\"lazy\" decoding=\"async\" width=\"211\" height=\"815\" src=\"https:\/\/fundacion.neuronadigital.es\/wp-content\/uploads\/2025\/07\/campesino.jpg\" alt=\"\" \/><\/a><\/p>\n<h4>\n\t\t\t\t\tCampesino\t\t\t\t<\/h4>\n<p>\t\t\t<a href=\"https:\/\/fundacion.neuronadigital.es\/obras\/labrador-valenciano\/\" target=\"_self\" title=\"Labrador valenciano\"><img loading=\"lazy\" decoding=\"async\" width=\"1942\" height=\"2560\" src=\"https:\/\/fundacion.neuronadigital.es\/wp-content\/uploads\/2025\/07\/labrador-valenciano-scaled.jpg\" alt=\"\" \/><\/a><\/p>\n<h4>\n\t\t\t\t\tLabrador valenciano\t\t\t\t<\/h4>\n<p>\t\t\t<a href=\"https:\/\/fundacion.neuronadigital.es\/obras\/bodega-de-la-menora\/\" target=\"_self\" title=\"Bodega de \u201cLa Menora\u201d\"><img loading=\"lazy\" decoding=\"async\" width=\"2052\" height=\"2560\" src=\"https:\/\/fundacion.neuronadigital.es\/wp-content\/uploads\/2025\/07\/bodega-la-menora-scaled.jpg\" alt=\"\" \/><\/a><\/p>\n<h4>\n\t\t\t\t\tBodega de \u201cLa Menora\u201d\t\t\t\t<\/h4>\n<p>\t\t\t<a href=\"https:\/\/fundacion.neuronadigital.es\/obras\/interior-de-la-menora\/\" target=\"_self\" title=\"Interior de \u201cLa Menora\u201d\"><img loading=\"lazy\" decoding=\"async\" width=\"2560\" height=\"2119\" src=\"https:\/\/fundacion.neuronadigital.es\/wp-content\/uploads\/2025\/07\/interior-la-menora-scaled.jpg\" alt=\"\" \/><\/a><\/p>\n<h4>\n\t\t\t\t\tInterior de \u201cLa Menora\u201d\t\t\t\t<\/h4>\n<p>\t\t\t<a href=\"https:\/\/fundacion.neuronadigital.es\/obras\/los-primeros-pasos\/\" target=\"_self\" title=\"Los primeros pasos\"><img loading=\"lazy\" decoding=\"async\" width=\"2560\" height=\"1876\" src=\"https:\/\/fundacion.neuronadigital.es\/wp-content\/uploads\/2025\/07\/los-primeros-pasos-scaled.jpg\" alt=\"\" \/><\/a><\/p>\n<h4>\n\t\t\t\t\tLos primeros pasos\t\t\t\t<\/h4>\n<p>\t\t\t<a href=\"https:\/\/fundacion.neuronadigital.es\/obras\/loca\/\" target=\"_self\" title=\"\u00a1Loca!\"><img loading=\"lazy\" decoding=\"async\" width=\"797\" height=\"1241\" src=\"https:\/\/fundacion.neuronadigital.es\/wp-content\/uploads\/2025\/07\/loca.jpg\" alt=\"\" \/><\/a><\/p>\n<h4>\n\t\t\t\t\t\u00a1Loca!\t\t\t\t<\/h4>\n<p>\t\t\t<a href=\"https:\/\/fundacion.neuronadigital.es\/obras\/la-muerte-de-un-santo\/\" target=\"_self\" title=\"La muerte de un santo\"><img loading=\"lazy\" decoding=\"async\" width=\"820\" height=\"1416\" src=\"https:\/\/fundacion.neuronadigital.es\/wp-content\/uploads\/2025\/07\/la-muerte-de-un-santo.jpg\" alt=\"\" \/><\/a><\/p>\n<h4>\n\t\t\t\t\tLa muerte de un santo\t\t\t\t<\/h4>\n<p>\t\t\t<a href=\"https:\/\/fundacion.neuronadigital.es\/obras\/mors-in-vita\/\" target=\"_self\" title=\"Mors in vita\"><img loading=\"lazy\" decoding=\"async\" width=\"2560\" height=\"1883\" src=\"https:\/\/fundacion.neuronadigital.es\/wp-content\/uploads\/2025\/07\/mors-in-vita-scaled.jpg\" alt=\"\" \/><\/a><\/p>\n<h4>\n\t\t\t\t\tMors in vita\t\t\t\t<\/h4>\n<p>\t\t\t<a href=\"https:\/\/fundacion.neuronadigital.es\/obras\/liturgia\/\" target=\"_self\" title=\"Liturgia\"><img loading=\"lazy\" decoding=\"async\" width=\"1827\" height=\"2560\" src=\"https:\/\/fundacion.neuronadigital.es\/wp-content\/uploads\/2025\/07\/liturgia-scaled.jpg\" alt=\"\" \/><\/a><\/p>\n<h4>\n\t\t\t\t\tLiturgia\t\t\t\t<\/h4>\n<p>\t\t\t<a href=\"https:\/\/fundacion.neuronadigital.es\/obras\/orando\/\" target=\"_self\" title=\"Orando\"><img loading=\"lazy\" decoding=\"async\" width=\"373\" height=\"560\" src=\"https:\/\/fundacion.neuronadigital.es\/wp-content\/uploads\/2025\/07\/orando-fernando-cabrera.png\" alt=\"\" \/><\/a><\/p>\n<h4>\n\t\t\t\t\tOrando\t\t\t\t<\/h4>\n<p>\t\t\t<a href=\"https:\/\/fundacion.neuronadigital.es\/obras\/plegaria\/\" target=\"_self\" title=\"Plegaria\"><img loading=\"lazy\" decoding=\"async\" width=\"1756\" height=\"2560\" src=\"https:\/\/fundacion.neuronadigital.es\/wp-content\/uploads\/2025\/07\/plegaria-scaled.jpg\" alt=\"\" \/><\/a><\/p>\n<h4>\n\t\t\t\t\tPlegaria\t\t\t\t<\/h4>\n<p>\t\t\t\t\t<a href=\"https:\/\/fundacion.neuronadigital.es\/val\/amics\/\"><br \/>\n\t\t\t\t\t\t\t\t\tFES-TE AMIC<br \/>\n\t\t\t\t\t<\/a><\/p>\n<p>\n\t\t\t\t\t\tJunts, fem possible que l\u2019obra de Fernando Cabrera Cant\u00f3 continue viva i accessible per a tots.\n\t\t\t\t\t<\/p>\n","protected":false},"excerpt":{"rendered":"<p>Obres Descobrix les principals obres de Fernando Cabrera Cant\u00f3, un recorregut pels seus g\u00e8neres m\u00e9s representatius. Des de paisatges fins a realisme social, cada pe\u00e7a reflectix la seua visi\u00f3 \u00fanica de l\u2019art i la societat. Tot Autoretratos Bodeg\u00f3n Costumbrista Desnudo Estudios Flores Interiores Paisajes Realismo Social Religioso\/ mitol\u00f3gico Retratos Simbolismo Tipos Populares Paisaje con niebla [&hellip;]<\/p>\n","protected":false},"author":1,"featured_media":0,"parent":0,"menu_order":0,"comment_status":"closed","ping_status":"closed","template":"","meta":{"give_campaign_id":0,"footnotes":""},"class_list":["post-2707","page","type-page","status-publish","hentry"],"campaignId":"","_links":{"self":[{"href":"https:\/\/fundacion.neuronadigital.es\/val\/wp-json\/wp\/v2\/pages\/2707","targetHints":{"allow":["GET"]}}],"collection":[{"href":"https:\/\/fundacion.neuronadigital.es\/val\/wp-json\/wp\/v2\/pages"}],"about":[{"href":"https:\/\/fundacion.neuronadigital.es\/val\/wp-json\/wp\/v2\/types\/page"}],"author":[{"embeddable":true,"href":"https:\/\/fundacion.neuronadigital.es\/val\/wp-json\/wp\/v2\/users\/1"}],"replies":[{"embeddable":true,"href":"https:\/\/fundacion.neuronadigital.es\/val\/wp-json\/wp\/v2\/comments?post=2707"}],"version-history":[{"count":0,"href":"https:\/\/fundacion.neuronadigital.es\/val\/wp-json\/wp\/v2\/pages\/2707\/revisions"}],"wp:attachment":[{"href":"https:\/\/fundacion.neuronadigital.es\/val\/wp-json\/wp\/v2\/media?parent=2707"}],"curies":[{"name":"wp","href":"https:\/\/api.w.org\/{rel}","templated":true}]}}